{"id":11,"date":"2025-11-27T18:16:19","date_gmt":"2025-11-27T18:16:19","guid":{"rendered":"https:\/\/medecine-esthetique-st-raphael.fr\/?page_id=11"},"modified":"2025-11-27T19:33:15","modified_gmt":"2025-11-27T19:33:15","slug":"accueil","status":"publish","type":"page","link":"http:\/\/medecine-esthetique-st-raphael.fr\/index.php\/accueil\/","title":{"rendered":"Accueil"},"content":{"rendered":"\n<div class=\"wp-block-group alignfull is-layout-flow wp-container-core-group-is-layout-f9cb6abc wp-block-group-is-layout-flow\" style=\"margin-top:0;margin-bottom:0\">\n<div class=\"wp-block-columns alignfull is-not-stacked-on-mobile is-layout-flex wp-container-core-columns-is-layout-e154fb6a wp-block-columns-is-layout-flex\" style=\"margin-top:0;margin-bottom:0;padding-top:var(--wp--preset--spacing--40);padding-right:var(--wp--preset--spacing--40);padding-bottom:var(--wp--preset--spacing--80);padding-left:var(--wp--preset--spacing--40)\">\n<div class=\"wp-block-column is-layout-flow wp-block-column-is-layout-flow\" style=\"flex-basis:66.66%\">\n<div class=\"wp-block-group is-vertical is-content-justification-stretch is-layout-flex wp-container-core-group-is-layout-7e003bba wp-block-group-is-layout-flex\">\n<h2 class=\"wp-block-heading has-xx-large-font-size\">\u201cR\u00e9v\u00e9lez l&#8217;\u00e9clat naturel de votre visage\u201d<\/h2>\n<\/div>\n<\/div>\n\n\n\n<div class=\"wp-block-column is-layout-flow wp-block-column-is-layout-flow\" style=\"flex-basis:12vw\"><\/div>\n\n\n\n<div class=\"wp-block-column is-layout-flow wp-block-column-is-layout-flow\">\n<div class=\"wp-block-group is-content-justification-right is-nowrap is-layout-flex wp-container-core-group-is-layout-17124a9a wp-block-group-is-layout-flex\">\n<p class=\"has-text-align-left\" style=\"line-height:0.6;text-transform:uppercase;writing-mode:vertical-rl\">Dr. Christel Adriansen<\/p>\n<\/div>\n<\/div>\n<\/div>\n\n\n\n<div class=\"wp-block-columns alignfull is-style-section-2 is-layout-flex wp-container-core-columns-is-layout-d9884270 wp-block-columns-is-layout-flex\" style=\"padding-top:0;padding-bottom:0\">\n<div class=\"wp-block-column is-layout-flow wp-block-column-is-layout-flow\" style=\"flex-basis:50%\">\n<div class=\"wp-block-group is-vertical is-content-justification-stretch is-layout-flex wp-container-core-group-is-layout-098fff0a wp-block-group-is-layout-flex\" style=\"min-height:33vh;padding-top:var(--wp--preset--spacing--50);padding-right:var(--wp--preset--spacing--50);padding-bottom:var(--wp--preset--spacing--50);padding-left:var(--wp--preset--spacing--50)\">\n<p>D\u2019un soin qui peut sembler anodin, peut d\u00e9pendre un meilleur \u00e9quilibre g\u00e9n\u00e9ral qui va permettre \u00e0 un patient de mieux vivre.<\/p>\n\n\n\n<p>La m\u00e9decine esth\u00e9tique n\u2019est pas une discipline de confort on\u00e9reuse et superficielle au service d\u2019une dictature de beau.<\/p>\n\n\n\n<p>Les soins propos\u00e9s aujourd\u2019hui : <strong>Acide hyaluronique<\/strong>, <strong>botox<\/strong>,\u00a0<strong>light-filling<\/strong>, <strong>micro-needling<\/strong>, <strong>peelings<\/strong> sont la pour conduire le patient \u00e0 prendre soin de sa sant\u00e9 et de son moral, pour l\u2019inciter \u00e0 donner plus d\u2019importance \u00e0 l\u2019\u00eatre qu\u2019au para\u00eetre.<\/p>\n\n\n\n<p>Les technique que j\u2019utilise, telles que l\u2019injection \u00e0 la canule sont non traumatisantes et permettent d\u2019obtenir des r\u00e9sultats naturels.<\/p>\n\n\n\n<p>Ainsi, apr\u00e8s un l\u00e9ger maquillage vous pourrez poursuivre vos activit\u00e9s d\u00e9s la sortie du cabinet \u00e0 St-Raphael.<\/p>\n\n\n\n<p><\/p>\n<\/div>\n<\/div>\n\n\n\n<div class=\"wp-block-column is-layout-flow wp-block-column-is-layout-flow\" style=\"flex-basis:50%\">\n<div class=\"wp-block-cover is-light\"><img loading=\"lazy\" decoding=\"async\" width=\"671\" height=\"201\" class=\"wp-block-cover__image-background wp-image-12 size-full\" alt=\"\" src=\"https:\/\/medecine-esthetique-st-raphael.fr\/wp-content\/uploads\/2025\/11\/IMG_5677-671x201-1.jpg\" style=\"object-position:29% 38%\" data-object-fit=\"cover\" data-object-position=\"29% 38%\" srcset=\"http:\/\/medecine-esthetique-st-raphael.fr\/wp-content\/uploads\/2025\/11\/IMG_5677-671x201-1.jpg 671w, http:\/\/medecine-esthetique-st-raphael.fr\/wp-content\/uploads\/2025\/11\/IMG_5677-671x201-1-300x90.jpg 300w\" sizes=\"auto, (max-width: 671px) 100vw, 671px\" \/><span aria-hidden=\"true\" class=\"wp-block-cover__background has-background-dim-0 has-background-dim\" style=\"background-color:#b4adaa\"><\/span><div class=\"wp-block-cover__inner-container is-layout-flow wp-block-cover-is-layout-flow\">\n<div style=\"height:var(--wp--preset--spacing--20)\" aria-hidden=\"true\" class=\"wp-block-spacer\"><\/div>\n<\/div><\/div>\n<\/div>\n<\/div>\n<\/div>\n\n\n\n<p> <a href=\"https:\/\/web.archive.org\/web\/20160308181744\/mailto:info@medecine-esthetique-st-raphael.fr\">info@medecine-esthetique-st-raphael.fr<\/a><\/p>\n\n\n\n<p><\/p>\n","protected":false},"excerpt":{"rendered":"<p>\u201cR\u00e9v\u00e9lez l&#8217;\u00e9clat naturel de votre visage\u201d Dr. Christel Adriansen D\u2019un soin qui peut sembler anodin, peut d\u00e9pendre un meilleur \u00e9quilibre g\u00e9n\u00e9ral qui va permettre \u00e0 un patient de mieux vivre. La m\u00e9decine esth\u00e9tique n\u2019est pas une discipline de confort on\u00e9reuse et superficielle au service d\u2019une dictature de beau. Les soins propos\u00e9s aujourd\u2019hui : Acide hyaluronique, [&hellip;]<\/p>\n","protected":false},"author":1,"featured_media":0,"parent":0,"menu_order":0,"comment_status":"closed","ping_status":"closed","template":"","meta":{"footnotes":""},"class_list":["post-11","page","type-page","status-publish","hentry"],"_links":{"self":[{"href":"http:\/\/medecine-esthetique-st-raphael.fr\/index.php\/wp-json\/wp\/v2\/pages\/11","targetHints":{"allow":["GET"]}}],"collection":[{"href":"http:\/\/medecine-esthetique-st-raphael.fr\/index.php\/wp-json\/wp\/v2\/pages"}],"about":[{"href":"http:\/\/medecine-esthetique-st-raphael.fr\/index.php\/wp-json\/wp\/v2\/types\/page"}],"author":[{"embeddable":true,"href":"http:\/\/medecine-esthetique-st-raphael.fr\/index.php\/wp-json\/wp\/v2\/users\/1"}],"replies":[{"embeddable":true,"href":"http:\/\/medecine-esthetique-st-raphael.fr\/index.php\/wp-json\/wp\/v2\/comments?post=11"}],"version-history":[{"count":4,"href":"http:\/\/medecine-esthetique-st-raphael.fr\/index.php\/wp-json\/wp\/v2\/pages\/11\/revisions"}],"predecessor-version":[{"id":18,"href":"http:\/\/medecine-esthetique-st-raphael.fr\/index.php\/wp-json\/wp\/v2\/pages\/11\/revisions\/18"}],"wp:attachment":[{"href":"http:\/\/medecine-esthetique-st-raphael.fr\/index.php\/wp-json\/wp\/v2\/media?parent=11"}],"curies":[{"name":"wp","href":"https:\/\/api.w.org\/{rel}","templated":true}]}}